{"id":73,"date":"2022-06-20T14:41:03","date_gmt":"2022-06-20T14:41:03","guid":{"rendered":"https:\/\/puppetsoftubetopia.de\/?page_id=73"},"modified":"2023-07-22T11:31:02","modified_gmt":"2023-07-22T11:31:02","slug":"weitere-projekte","status":"publish","type":"page","link":"https:\/\/puppetsoftubetopia.de\/?page_id=73","title":{"rendered":"Weitere Projekte"},"content":{"rendered":"\n<p>Weitere Projekte sind in Planung. Stoffe bestellt, N\u00e4hnadeln in den Startl\u00f6chern. K\u00f6pfe rauchen, Stative stehen, Kameras lauern, Licht flackert, H\u00e4nde zappeln, Ideen rufen.<a rel=\"noreferrer noopener\" href=\"https:\/\/www.youtube.com\/playlist?list=PLKYDxI8_-pszbbGgHol3agpx46P2V82Fi\" target=\"_blank\"><\/a><\/p>\n\n\n\n<h2 class=\"wp-block-heading\"><strong>\u00c4hnliche Projekte:<\/strong><\/h2>\n\n\n\n<h4 class=\"wp-block-heading\"><strong><a href=\"https:\/\/www.thilomatschke.com\/hell-und-braun-auf-reisen\/\" target=\"_blank\" rel=\"noreferrer noopener\">Hell und Braun auf Reisen<\/a><\/strong><\/h4>\n\n\n\n<figure class=\"wp-block-image size-large\"><a href=\"https:\/\/www.thilomatschke.com\/hell-und-braun-auf-reisen\/\" target=\"_blank\" rel=\"noreferrer noopener\"><img loading=\"lazy\" decoding=\"async\" width=\"1024\" height=\"373\" src=\"https:\/\/puppetsoftubetopia.de\/wp-content\/uploads\/2023\/07\/hellundbraun_1.1.1-e1690024965731-1024x373.png\" alt=\"\" class=\"wp-image-329\" srcset=\"https:\/\/puppetsoftubetopia.de\/wp-content\/uploads\/2023\/07\/hellundbraun_1.1.1-e1690024965731-1024x373.png 1024w, https:\/\/puppetsoftubetopia.de\/wp-content\/uploads\/2023\/07\/hellundbraun_1.1.1-e1690024965731-300x109.png 300w, https:\/\/puppetsoftubetopia.de\/wp-content\/uploads\/2023\/07\/hellundbraun_1.1.1-e1690024965731-768x280.png 768w, https:\/\/puppetsoftubetopia.de\/wp-content\/uploads\/2023\/07\/hellundbraun_1.1.1-e1690024965731-1536x560.png 1536w, https:\/\/puppetsoftubetopia.de\/wp-content\/uploads\/2023\/07\/hellundbraun_1.1.1-e1690024965731.png 1920w\" sizes=\"auto, (max-width: 767px) 89vw, (max-width: 1000px) 54vw, (max-width: 1071px) 543px, 580px\" \/><\/a><\/figure>\n\n\n\n<p>Im Sp\u00e4tsommer des Jahres 2022 haben wir f\u00fcr das  Projekt \u201e<a rel=\"noreferrer noopener\" href=\"https:\/\/www.youtube.com\/playlist?list=PL4bFnBjxzQ4doSgBuuLt75X1wDdDp6KwD\" target=\"_blank\">Puppets &amp; People<\/a>\u201c vom <a rel=\"noreferrer noopener\" href=\"https:\/\/theateressensued.de\/\" target=\"_blank\">Theater Essen-S\u00fcd<\/a> diese vier wundersch\u00f6nen Folgen von \u201e<a href=\"https:\/\/www.thilomatschke.com\/hell-und-braun-auf-reisen\/\" target=\"_blank\" rel=\"noreferrer noopener\"><strong>Hell und Braun auf Reisen<\/strong><\/a>\u201c aufgenommen. Alle Folgen sind frei improvisiert. Inspiration war die Musik und nat\u00fcrlich das Thema &#8222;Reisen&#8220;.<\/p>\n","protected":false},"excerpt":{"rendered":"<p>Weitere Projekte sind in Planung. Stoffe bestellt, N\u00e4hnadeln in den Startl\u00f6chern. K\u00f6pfe rauchen, Stative stehen, Kameras lauern, Licht flackert, H\u00e4nde zappeln, Ideen rufen. \u00c4hnliche Projekte: Hell und Braun auf Reisen Im Sp\u00e4tsommer des Jahres 2022 haben wir f\u00fcr das Projekt \u201ePuppets &amp; People\u201c vom Theater Essen-S\u00fcd diese vier wundersch\u00f6nen Folgen von \u201eHell und Braun auf &hellip; <\/p>\n<p class=\"link-more\"><a href=\"https:\/\/puppetsoftubetopia.de\/?page_id=73\" class=\"more-link\"><span class=\"screen-reader-text\">\u201eWeitere Projekte\u201c <\/span>weiterlesen<\/a><\/p>\n","protected":false},"author":1,"featured_media":0,"parent":0,"menu_order":0,"comment_status":"closed","ping_status":"closed","template":"","meta":{"footnotes":""},"class_list":["post-73","page","type-page","status-publish","hentry"],"_links":{"self":[{"href":"https:\/\/puppetsoftubetopia.de\/index.php?rest_route=\/wp\/v2\/pages\/73","targetHints":{"allow":["GET"]}}],"collection":[{"href":"https:\/\/puppetsoftubetopia.de\/index.php?rest_route=\/wp\/v2\/pages"}],"about":[{"href":"https:\/\/puppetsoftubetopia.de\/index.php?rest_route=\/wp\/v2\/types\/page"}],"author":[{"embeddable":true,"href":"https:\/\/puppetsoftubetopia.de\/index.php?rest_route=\/wp\/v2\/users\/1"}],"replies":[{"embeddable":true,"href":"https:\/\/puppetsoftubetopia.de\/index.php?rest_route=%2Fwp%2Fv2%2Fcomments&post=73"}],"version-history":[{"count":13,"href":"https:\/\/puppetsoftubetopia.de\/index.php?rest_route=\/wp\/v2\/pages\/73\/revisions"}],"predecessor-version":[{"id":337,"href":"https:\/\/puppetsoftubetopia.de\/index.php?rest_route=\/wp\/v2\/pages\/73\/revisions\/337"}],"wp:attachment":[{"href":"https:\/\/puppetsoftubetopia.de\/index.php?rest_route=%2Fwp%2Fv2%2Fmedia&parent=73"}],"curies":[{"name":"wp","href":"https:\/\/api.w.org\/{rel}","templated":true}]}}